{"id":3,"date":"2021-07-19T10:41:37","date_gmt":"2021-07-19T08:41:37","guid":{"rendered":"http:\/\/l11.test\/?page_id=3"},"modified":"2021-09-13T08:18:34","modified_gmt":"2021-09-13T06:18:34","slug":"polityka-prywatnosci","status":"publish","type":"page","link":"https:\/\/limanowskiego11.com\/sklep\/polityka-prywatnosci\/","title":{"rendered":"Polityka prywatno\u015bci"},"content":{"rendered":"\r\n<p class=\"western\">Polityka prywatno\u015bci sklepu www.limanowskiego11.com\/sklep<\/p>\r\n<p class=\"western\"><br \/><br \/><\/p>\r\n<p class=\"western\">Prawa Autorskie<\/p>\r\n<p class=\"western\">Wszelkie prawa do zawarto\u015bci sklepu internetowego www.limanowskiego11.com\/sklep w szczeg\u00f3lno\u015bci jak teksty, grafika, logotypy, ikony, zdj\u0119cia, klipy audio i video, dane i oprogramowanie s\u0105 zastrze\u017cone. Pobieranie jakichkolwiek materia\u0142\u00f3w b\u0119d\u0105cych integraln\u0105 cz\u0119\u015bci\u0105 sklepu jest dozwolone tylko pod warunkiem nienaruszania praw autorskich oraz praw z rejestracji znak\u00f3w towarowych nale\u017c\u0105cych do w\u0142a\u015bcicieli serwisu. \u017badna cz\u0119\u015b\u0107 serwisu nie mo\u017ce by\u0107 w celach komercyjnych kopiowana w ca\u0142o\u015bci lub cz\u0119\u015bci, modyfikowana, linkowana lub wykorzystana bez uprzedniej zgody w\u0142a\u015bciciela. W przypadku naruszenia prawa autorskiego sprawca poniesie odpowiedzialno\u015b\u0107 karn\u0105, kt\u00f3r\u0105 reguluj\u0105 przepisy: Art. 115 ? 123 prawa autorskiego.<\/p>\r\n<p class=\"western\">Zasady podstawowe<\/p>\r\n<p class=\"western\">Przyk\u0142adamy du\u017c\u0105 wag\u0119 do kwestii prywatno\u015bci U\u017cytkownik\u00f3w e- sklepu. Kontakt z naszymi Klientami to dla nas priorytet. Sklep internetowy <span style=\"color: #0563c1;\"><u><a href=\"http:\/\/www.limanowskiego11.com\/sklep\">www.limanowskiego11.com\/sklep<\/a><\/u><\/span> zapewnia swoim Klientom maksimum bezpiecze\u0144stwa. W trakcie korzystania ze sklepu prosimy Klienta o podanie niekt\u00f3rych danych osobowych. Zawsze jest to zwi\u0105zane albo z wyra\u017con\u0105 przez Klienta ch\u0119ci\u0105 utworzenia konta sklepowego (zalogowaniem si\u0119 do niego) albo z bezpo\u015brednim dokonaniem zakupu towaru.<\/p>\r\n<p class=\"western\">Bezpiecze\u0144stwo<\/p>\r\n<p class=\"western\">Us\u0142ugodawca jako administrator, dba o bezpiecze\u0144stwo udost\u0119pnionych przez U\u017cytkownik\u00f3w danych. Dane te s\u0105 w spos\u00f3b szczeg\u00f3lny chronione i zabezpieczone przed dost\u0119pem os\u00f3b nieupowa\u017cnionych. Zasady zachowania poufno\u015bci na stronach internetowych www.limanowskiego11.com\/sklep s\u0105 udost\u0119pniane wszystkim zainteresowanym.<\/p>\r\n<p class=\"western\"><br \/><br \/><\/p>\r\n<p class=\"western\">Dane wymagane podczas rejestracji<\/p>\r\n<p class=\"western\">W celu rejestracji w szczeg\u00f3lno\u015bci wymagane jest podanie nast\u0119puj\u0105cych danych:<\/p>\r\n<p class=\"western\">\u2013 prawid\u0142owego adresu poczty elektronicznej e-mail,<\/p>\r\n<p class=\"western\">\u2013 podanie nazwy u\u017cytkownika (login),<\/p>\r\n<p class=\"western\">\u2013 has\u0142a i potwierdzenia has\u0142a,<\/p>\r\n<p class=\"western\">\u2013 imienia i nazwiska,<\/p>\r\n<p class=\"western\">\u2013 pe\u0142nych danych teleadresowych takich jak: Wojew\u00f3dztwo, Ulica, Numer domu, Miasto, Kod Pocztowy,<\/p>\r\n<p class=\"western\">\u2013 telefon stacjonarny lub kom\u00f3rkowy<\/p>\r\n<p class=\"western\"><br \/><br \/><\/p>\r\n<p class=\"western\">Je\u017celi Klientem jest firma wymagane jest uzupe\u0142nienie danych o poni\u017csze:<\/p>\r\n<p class=\"western\">\u2013 nazwa firmy<\/p>\r\n<p class=\"western\">\u2013 NIP<\/p>\r\n<p class=\"western\">\u2013 REGON<\/p>\r\n<p class=\"western\"><br \/><br \/><\/p>\r\n<p class=\"western\">Dane osobowe<\/p>\r\n<p class=\"western\">Administratorem danych osobowych udost\u0119pnionych przez U\u017cytkownika jest firma \u2026\u2026\u2026\u2026\u2026\u2026\u2026\u2026\u2026 . Firma przetwarza dane osobowe w spos\u00f3b zgodny z obowi\u0105zuj\u0105cymi przepisami prawa na zasadach okre\u015blonych w Polityce Ochrony Prywatno\u015bci, w szczeg\u00f3lno\u015bci dotycz\u0105cych odpowiedniego zabezpieczenia danych.<\/p>\r\n<p class=\"western\">Firma przetwarza dane osobowe U\u017cytkownika w zakresie niezb\u0119dnym do prawid\u0142owej realizacji us\u0142ug \u015bwiadczonych drog\u0105 elektroniczn\u0105.<\/p>\r\n<p class=\"western\">Udost\u0119pnione przez U\u017cytkownika dane s\u0105 przetwarzane w celach zwi\u0105zanych z korzystaniem z us\u0142ug \u015bwiadczonych w sklepie internetowym i za jego zgod\u0105 mog\u0105 by\u0107 przetwarzane przez \u2026\u2026\u2026\u2026\u2026 w celach statystycznych i marketingowych.<\/p>\r\n<p class=\"western\"><br \/><br \/><\/p>\r\n<p class=\"western\">Przechowywanie i ochrona informacji<\/p>\r\n<p class=\"western\">Dane osobowe u\u017cytkownik\u00f3w s\u0105 przechowywane w bazie danych, w kt\u00f3rej zastosowano \u015brodki techniczne i organizacyjne zapewniaj\u0105ce ochron\u0119 przetwarzanych danych zgodne z wymaganiami okre\u015blonymi w przepisach o ochronie danych osobowych, w tym rozporz\u0105dzenia Ministra Spraw Wewn\u0119trznych i Administracji z dnia 29 kwietnia 2004 r. w sprawie dokumentacji przetwarzania danych osobowych oraz warunk\u00f3w technicznych i organizacyjnych, jakim powinny odpowiada\u0107 urz\u0105dzenia i systemy informatyczne s\u0142u\u017c\u0105ce do przetwarzania danych osobowych (Dz. U. Nr 100, poz. 1024) oraz wytycznymi Generalnego Inspektora Ochrony Danych Osobowych. Dost\u0119p do bazy maj\u0105 jedynie Administratorzy, posiadaj\u0105cy specjalne upowa\u017cnienia nadane przez OSI (administratora danych).<\/p>\r\n<p class=\"western\">Powierzone dane osobowe s\u0105 przechowywane przy zachowaniu zasad oraz zabezpiecze\u0144 zgodnych z wymaganiami okre\u015blonymi w obowi\u0105zuj\u0105cych w Rzeczpospolitej Polskiej przepisach prawa, takich jak:<\/p>\r\n<p class=\"western\">\u2013 Ustawie z dnia 29.08.1997 r. o ochronie danych osobowych (Dz. U. Nr 101 z 2002 r. poz.926, z p\u00f3\u017an. zm.)<\/p>\r\n<p class=\"western\">\u2013 Ustawie z dnia 18.07.2002 r. o \u015bwiadczeniu us\u0142ug drog\u0105 elektroniczn\u0105 (Dz. U. Nr 144, poz. 1204 z po\u017an. zm.)<\/p>\r\n<p class=\"western\">\u2013 Rozporz\u0105dzeniu Ministra Spraw Wewn\u0119trznych i Administracji z dnia 29.04.2004 r. w sprawie dokumentacji przetwarzania danych osobowych oraz warunk\u00f3w technicznych i organizacyjnych jakim powinny odpowiada\u0107 urz\u0105dzenia i systemy informatyczne s\u0142u\u017c\u0105ce do przetwarzania danych osobowych (Dz. U. Nr 100, poz.1024)<\/p>\r\n<p class=\"western\">Prawo do weryfikacji, modyfikacji i usuni\u0119cia danych osobowych. Ograniczenia<\/p>\r\n<p class=\"western\"><br \/><br \/><\/p>\r\n<p class=\"western\">U\u017cytkownik w ka\u017cdej chwili ma prawo wgl\u0105du w swoje dane oraz dysponuje mo\u017cliwo\u015bci\u0105 ich aktualizacji oraz usuni\u0119cia. Sklep internetowy mo\u017ce r\u00f3wnie\u017c udost\u0119pni\u0107 zgromadzone dane osobowe na \u017cyczenie lub za zgod\u0105 U\u017cytkownika lub te\u017c na \u017c\u0105danie uprawnionych na podstawie przepis\u00f3w prawa organ\u00f3w pa\u0144stwowych.<\/p>\r\n<p class=\"western\">Poczta elektroniczna kierowana do sklepu jest archiwizowana i mo\u017ce w niekt\u00f3rych przypadkach by\u0107 wykorzystana dla cel\u00f3w dowodowych<\/p>\r\n<p class=\"western\">Informacje wysy\u0142ane do U\u017cytkownika<\/p>\r\n<p class=\"western\">Sklep mo\u017ce wysy\u0142a\u0107 wszystkim u\u017cytkownikom, kt\u00f3rych dane kontaktowe uzyskane zosta\u0142y dzi\u0119ki dzia\u0142alno\u015bci zwi\u0105zanej ze sklepem online <span style=\"color: #0563c1;\"><u><a href=\"http:\/\/www.limanowskiego11.com\/sklep\">www.limanowskiego11.com\/sklep<\/a><\/u><\/span> niezapowiedzianych wiadomo\u015bci elektronicznych z powiadomieniami o wa\u017cnych zmianach w funkcjonalno\u015bciach serwisu.<\/p>\r\n<p class=\"western\">Je\u015bli masz jakiekolwiek pytania dotycz\u0105ce polityki prywatno\u015bci, skontaktuj si\u0119 z nami: reception@l11.com.pl<\/p>\r\n<p class=\"western\"><br \/><br \/><\/p>\r\n<p class=\"western\">Polityka Cookies Sklepu Internetowego www.limanowskiego11.com\/sklep<\/p>\r\n<p class=\"western\">Niniejsza polityka Cookies dotyczy plik\u00f3w Cookies u\u017cywanych na stronach sklepu internetowego (dalej jako: Sklep lub Sklep internetowy), kt\u00f3rego w\u0142a\u015bcicielem jest:<\/p>\r\n<p class=\"western\">Firma przedsi\u0119biorcy: Vetrostyle Irena Korol<\/p>\r\n<p class=\"western\">Numer NIP: 7792126245<\/p>\r\n<p class=\"western\"><br \/><br \/><\/p>\r\n<p class=\"western\">1. Czym s\u0105 pliki Cookies<\/p>\r\n<p class=\"western\">Pliki Cookies (ciasteczka) s\u0105 to niewielkie informacje tekstowe w postaci plik\u00f3w tekstowych, wysy\u0142ane przez serwer i zapisywane po stronie u\u017cytkownika odwiedzaj\u0105cego stron\u0119 Sklepu (np. na dysku twardym komputera, laptopa, czy te\u017c na karcie pami\u0119ci smartfona ? w zale\u017cno\u015bci z jakiego urz\u0105dzenia korzystasz odwiedzaj\u0105c nasz Sklep internetowy). Szczeg\u00f3\u0142owe informacje dot. Cookies, a tak\u017ce histori\u0119 ich powstania mo\u017cna znale\u017a\u0107 m.in. tutaj: http:\/\/pl.wikipedia.org\/wiki\/Ciasteczko<\/p>\r\n<p class=\"western\">2. W jakim celu u\u017cywamy pliki Cookies<\/p>\r\n<p class=\"western\">Pliki Cookies to przede wszystkim przydatne i bezpieczne narz\u0119dzie, kt\u00f3re u\u0142atwia Ci przegl\u0105danie stron internetowych Sklepu zgodnie z Twoimi preferencjami oraz korzystanie z jego funkcjonalno\u015bci. Pliki Cookies u\u017cywane przez nasz Sklep internetowy s\u0105 bezpieczne i nie powoduj\u0105 zmian konfiguracyjnych w Twoim komputerze, laptopie, czy te\u017c smartfonie, ani w oprogramowaniu zainstalowanym w tym urz\u0105dzeniu.<\/p>\r\n<p class=\"western\">Pliki Cookies u\u017cywamy w nast\u0119puj\u0105cych celach:<\/p>\r\n<p class=\"western\">identyfikacji u\u017cytkownik\u00f3w jako zalogowanych w Sklepie i pokazywania, \u017ce s\u0105 zalogowani;<\/p>\r\n<p class=\"western\">zapami\u0119tywania towar\u00f3w dodanych do koszyka w celu z\u0142o\u017cenia zam\u00f3wienia;<\/p>\r\n<p class=\"western\">zapami\u0119tywania danych z wype\u0142nianych formularzy zam\u00f3wienia, ankiet lub danych logowania do Sklepu;<\/p>\r\n<p class=\"western\">dostosowywania zawarto\u015bci strony Sklepu internetowego do indywidualnych preferencji u\u017cytkownika (np. dotycz\u0105cych kolor\u00f3w, rozmiaru czcionki, uk\u0142adu strony) oraz optymalizacji korzystania ze stron Sklepu;<\/p>\r\n<p class=\"western\">prowadzenia anonimowych statystyk przedstawiaj\u0105cych spos\u00f3b korzystania ze strony Sklepu oraz badania potrzeb u\u017cytkownik\u00f3w, z wy\u0142\u0105czeniem personalnej identyfikacji u\u017cytkownika.<\/p>\r\n<p class=\"western\">3. Rodzaje plik\u00f3w Cookies, kt\u00f3rych u\u017cywamy<\/p>\r\n<p class=\"western\">Odwiedzaj\u0105c stron\u0119 naszego Sklepu internetowego mo\u017cesz spotka\u0107 si\u0119 z nast\u0119puj\u0105cymi rodzajami plik\u00f3w Cookies:<\/p>\r\n<p class=\"western\">Trwa\u0142e i tymczasowe ? w zale\u017cno\u015bci od czasu przez jaki s\u0105 one przechowywane na dysku twardym Twojego komputera, laptopa, czy te\u017c na karcie pami\u0119ci smartfona, z kt\u00f3rego korzystasz odwiedzaj\u0105c nasz Sklep internetowy. Pliki tymczasowe to pliki Cookies, kt\u00f3re przechowywane s\u0105 przez stosunkowo kr\u00f3tki okres czasu ? usuwane s\u0105 w momencie wylogowania z naszego Sklepu, opuszczenia strony Sklepu internetowego lub zamkni\u0119cia przegl\u0105darki internetowej, z kt\u00f3rej korzystasz. Pliki tymczasowe s\u0105 te\u017c z tego powodu cz\u0119sto okre\u015blone plikami sesyjnymi. Pliki trwa\u0142e (nazywane r\u00f3wnie\u017c plikami sta\u0142ymi) to pliki Cookies, kt\u00f3re z regu\u0142y przechowywane s\u0105 przez okres d\u0142u\u017cszy ni\u017c w przypadku plik\u00f3w tymczasowych ? okres ich przechowywania trwa przez czas okre\u015blony w parametrach danego pliku Cookies albo do momentu ich samodzielnego usuni\u0119cia przez Ciebie.<\/p>\r\n<p class=\"western\">W\u0142asne i zewn\u0119trzne ? w zale\u017cno\u015bci od tego, czy dany plik Cookies pochodzi bezpo\u015brednio ze Sklepu internetowego, czy te\u017c ze strony podmiotu trzeciego za po\u015brednictwem Sklepu internetowego (np. w wypadku udost\u0119pnienia powierzchni Sklepu jednej z sieci reklamowych lub prowadzenia anonimowych statystyk przy wykorzystaniu Google Analytics). W tym ostatnim wypadku zalecamy r\u00f3wnie\u017c zapoznanie si\u0119 z polityk\u0105 Cookies lub polityk\u0105 prywatno\u015bci danego podmiotu trzeciego.<\/p>\r\n<p class=\"western\">Informacj\u0119, czy dany plik Cookies jest trwa\u0142y, tymczasowy, w\u0142asny czy zewn\u0119trzny, a tak\u017ce termin jego przechowywania mo\u017cna tak\u017ce uzyska\u0107 korzystaj\u0105c z odpowiednich opcji w\u0142asnej przegl\u0105darki internetowej ? w tym celu odsy\u0142amy do dzia\u0142u pomocy przegl\u0105darki internetowej.<\/p>\r\n<p class=\"western\"><br \/><br \/><\/p>\r\n<p class=\"western\">4. Zarz\u0105dzanie plikami Cookies, zgoda na ich u\u017cywanie<\/p>\r\n<p class=\"western\">Standardowo wi\u0119kszo\u015b\u0107 przegl\u0105darek internetowych dost\u0119pnych na rynku domy\u015blnie akceptuje zapisywanie plik\u00f3w Cookies. Masz mo\u017cliwo\u015b\u0107 okre\u015blenia warunk\u00f3w korzystania z plik\u00f3w Cookies za pomoc\u0105 ustawie\u0144 w\u0142asnej przegl\u0105darki internetowej. Oznacza to, \u017ce mo\u017cesz np. cz\u0119\u015bciowo ograniczy\u0107 (np. czasowo) lub ca\u0142kowicie wy\u0142\u0105czy\u0107 mo\u017cliwo\u015b\u0107 zapisywania plik\u00f3w Cookies na Twoim komputerze ? w tym ostatnim wypadku jednak mo\u017ce to mie\u0107 wp\u0142yw na niekt\u00f3re funkcjonalno\u015bci Sklepu internetowego (przyk\u0142adowo niemo\u017cliwym mo\u017ce okaza\u0107 si\u0119 przej\u015bcie \u015bcie\u017cki zam\u00f3wienia poprzez formularz zam\u00f3wienia).<\/p>\r\n<p class=\"western\">Ustawienia Twojej przegl\u0105darki internetowej w zakresie plik\u00f3w Cookies s\u0105 istotne z punktu widzenia zgody na korzystanie z plik\u00f3w Cookies przez nasz Sklep internetowy ? zgodnie z przepisami taka zgoda mo\u017ce by\u0107 r\u00f3wnie\u017c wyra\u017cona poprzez ustawienia przegl\u0105darki internetowej.<\/p>\r\n","protected":false},"excerpt":{"rendered":"<p>Polityka prywatno\u015bci sklepu www.limanowskiego11.com\/sklep Prawa Autorskie Wszelkie prawa do zawarto\u015bci sklepu internetowego www.limanowskiego11.com\/sklep w szczeg\u00f3lno\u015bci jak teksty, grafika, logotypy, ikony,<\/p>\n","protected":false},"author":1,"featured_media":0,"parent":0,"menu_order":0,"comment_status":"closed","ping_status":"open","template":"","meta":{"footnotes":""},"class_list":["post-3","page","type-page","status-publish","hentry"],"yoast_head":"<!-- This site is optimized with the Yoast SEO plugin v16.7 - https:\/\/yoast.com\/wordpress\/plugins\/seo\/ -->\n<title>Polityka prywatno\u015bci - L11<\/title>\n<meta name=\"description\" content=\"L11 - Polityka prywatno\u015bci\" \/>\n<meta name=\"robots\" content=\"index, follow, max-snippet:-1, max-image-preview:large, max-video-preview:-1\" \/>\n<link rel=\"canonical\" href=\"https:\/\/limanowskiego11.com\/sklep\/polityka-prywatnosci\/\" \/>\n<meta property=\"og:locale\" content=\"pl_PL\" \/>\n<meta property=\"og:type\" content=\"article\" \/>\n<meta property=\"og:title\" content=\"Polityka prywatno\u015bci - L11\" \/>\n<meta property=\"og:description\" content=\"L11 - Polityka prywatno\u015bci\" \/>\n<meta property=\"og:url\" content=\"https:\/\/limanowskiego11.com\/sklep\/polityka-prywatnosci\/\" \/>\n<meta property=\"og:site_name\" content=\"L11\" \/>\n<meta property=\"article:modified_time\" content=\"2021-09-13T06:18:34+00:00\" \/>\n<meta name=\"twitter:card\" content=\"summary_large_image\" \/>\n<meta name=\"twitter:label1\" content=\"Szacowany czas czytania\" \/>\n\t<meta name=\"twitter:data1\" content=\"6 minut\" \/>\n<script type=\"application\/ld+json\" class=\"yoast-schema-graph\">{\"@context\":\"https:\/\/schema.org\",\"@graph\":[{\"@type\":\"WebSite\",\"@id\":\"https:\/\/limanowskiego11.com\/sklep\/#website\",\"url\":\"https:\/\/limanowskiego11.com\/sklep\/\",\"name\":\"L11\",\"description\":\"Relaks jak nigdy wcze\\u015bniej\",\"potentialAction\":[{\"@type\":\"SearchAction\",\"target\":{\"@type\":\"EntryPoint\",\"urlTemplate\":\"https:\/\/limanowskiego11.com\/sklep\/?s={search_term_string}\"},\"query-input\":\"required name=search_term_string\"}],\"inLanguage\":\"pl-PL\"},{\"@type\":\"WebPage\",\"@id\":\"https:\/\/limanowskiego11.com\/sklep\/polityka-prywatnosci\/#webpage\",\"url\":\"https:\/\/limanowskiego11.com\/sklep\/polityka-prywatnosci\/\",\"name\":\"Polityka prywatno\\u015bci - L11\",\"isPartOf\":{\"@id\":\"https:\/\/limanowskiego11.com\/sklep\/#website\"},\"datePublished\":\"2021-07-19T08:41:37+00:00\",\"dateModified\":\"2021-09-13T06:18:34+00:00\",\"description\":\"L11 - Polityka prywatno\\u015bci\",\"breadcrumb\":{\"@id\":\"https:\/\/limanowskiego11.com\/sklep\/polityka-prywatnosci\/#breadcrumb\"},\"inLanguage\":\"pl-PL\",\"potentialAction\":[{\"@type\":\"ReadAction\",\"target\":[\"https:\/\/limanowskiego11.com\/sklep\/polityka-prywatnosci\/\"]}]},{\"@type\":\"BreadcrumbList\",\"@id\":\"https:\/\/limanowskiego11.com\/sklep\/polityka-prywatnosci\/#breadcrumb\",\"itemListElement\":[{\"@type\":\"ListItem\",\"position\":1,\"name\":\"Strona g\\u0142\\u00f3wna\",\"item\":\"https:\/\/limanowskiego11.com\/sklep\/\"},{\"@type\":\"ListItem\",\"position\":2,\"name\":\"Polityka prywatno\\u015bci\"}]}]}<\/script>\n<!-- \/ Yoast SEO plugin. -->","yoast_head_json":{"title":"Polityka prywatno\u015bci - L11","description":"L11 - Polityka prywatno\u015bci","robots":{"index":"index","follow":"follow","max-snippet":"max-snippet:-1","max-image-preview":"max-image-preview:large","max-video-preview":"max-video-preview:-1"},"canonical":"https:\/\/limanowskiego11.com\/sklep\/polityka-prywatnosci\/","og_locale":"pl_PL","og_type":"article","og_title":"Polityka prywatno\u015bci - L11","og_description":"L11 - Polityka prywatno\u015bci","og_url":"https:\/\/limanowskiego11.com\/sklep\/polityka-prywatnosci\/","og_site_name":"L11","article_modified_time":"2021-09-13T06:18:34+00:00","twitter_card":"summary_large_image","twitter_misc":{"Szacowany czas czytania":"6 minut"},"schema":{"@context":"https:\/\/schema.org","@graph":[{"@type":"WebSite","@id":"https:\/\/limanowskiego11.com\/sklep\/#website","url":"https:\/\/limanowskiego11.com\/sklep\/","name":"L11","description":"Relaks jak nigdy wcze\u015bniej","potentialAction":[{"@type":"SearchAction","target":{"@type":"EntryPoint","urlTemplate":"https:\/\/limanowskiego11.com\/sklep\/?s={search_term_string}"},"query-input":"required name=search_term_string"}],"inLanguage":"pl-PL"},{"@type":"WebPage","@id":"https:\/\/limanowskiego11.com\/sklep\/polityka-prywatnosci\/#webpage","url":"https:\/\/limanowskiego11.com\/sklep\/polityka-prywatnosci\/","name":"Polityka prywatno\u015bci - L11","isPartOf":{"@id":"https:\/\/limanowskiego11.com\/sklep\/#website"},"datePublished":"2021-07-19T08:41:37+00:00","dateModified":"2021-09-13T06:18:34+00:00","description":"L11 - Polityka prywatno\u015bci","breadcrumb":{"@id":"https:\/\/limanowskiego11.com\/sklep\/polityka-prywatnosci\/#breadcrumb"},"inLanguage":"pl-PL","potentialAction":[{"@type":"ReadAction","target":["https:\/\/limanowskiego11.com\/sklep\/polityka-prywatnosci\/"]}]},{"@type":"BreadcrumbList","@id":"https:\/\/limanowskiego11.com\/sklep\/polityka-prywatnosci\/#breadcrumb","itemListElement":[{"@type":"ListItem","position":1,"name":"Strona g\u0142\u00f3wna","item":"https:\/\/limanowskiego11.com\/sklep\/"},{"@type":"ListItem","position":2,"name":"Polityka prywatno\u015bci"}]}]}},"_links":{"self":[{"href":"https:\/\/limanowskiego11.com\/sklep\/wp-json\/wp\/v2\/pages\/3","targetHints":{"allow":["GET"]}}],"collection":[{"href":"https:\/\/limanowskiego11.com\/sklep\/wp-json\/wp\/v2\/pages"}],"about":[{"href":"https:\/\/limanowskiego11.com\/sklep\/wp-json\/wp\/v2\/types\/page"}],"author":[{"embeddable":true,"href":"https:\/\/limanowskiego11.com\/sklep\/wp-json\/wp\/v2\/users\/1"}],"replies":[{"embeddable":true,"href":"https:\/\/limanowskiego11.com\/sklep\/wp-json\/wp\/v2\/comments?post=3"}],"version-history":[{"count":2,"href":"https:\/\/limanowskiego11.com\/sklep\/wp-json\/wp\/v2\/pages\/3\/revisions"}],"predecessor-version":[{"id":1963,"href":"https:\/\/limanowskiego11.com\/sklep\/wp-json\/wp\/v2\/pages\/3\/revisions\/1963"}],"wp:attachment":[{"href":"https:\/\/limanowskiego11.com\/sklep\/wp-json\/wp\/v2\/media?parent=3"}],"curies":[{"name":"wp","href":"https:\/\/api.w.org\/{rel}","templated":true}]}}