{"id":1686,"date":"2021-07-20T09:19:23","date_gmt":"2021-07-20T07:19:23","guid":{"rendered":"http:\/\/l11.test\/?post_type=product&#038;p=1686"},"modified":"2021-07-22T12:49:51","modified_gmt":"2021-07-22T10:49:51","slug":"przedluzenie-pobytu-do-1500","status":"publish","type":"product","link":"https:\/\/limanowskiego11.com\/sklep\/produkt\/przedluzenie-pobytu-do-1500\/","title":{"rendered":"Przed\u0142u\u017cenie pobytu do 15<sup>00<\/sup>"},"content":{"rendered":"","protected":false},"excerpt":{"rendered":"","protected":false},"featured_media":1710,"template":"","meta":[],"product_cat":[52],"product_tag":[],"class_list":["post-1686","product","type-product","status-publish","has-post-thumbnail","hentry","product_cat-uslugi"],"yoast_head":"<!-- This site is optimized with the Yoast SEO plugin v16.7 - https:\/\/yoast.com\/wordpress\/plugins\/seo\/ -->\n<title>Przed\u0142u\u017cenie pobytu do 1500 - L11<\/title>\n<meta name=\"description\" content=\"L11 - Przed\u0142u\u017cenie pobytu do 1500 - Zapraszamy !\" \/>\n<meta name=\"robots\" content=\"index, follow, max-snippet:-1, max-image-preview:large, max-video-preview:-1\" \/>\n<link rel=\"canonical\" href=\"https:\/\/limanowskiego11.com\/sklep\/produkt\/przedluzenie-pobytu-do-1500\/\" \/>\n<meta property=\"og:locale\" content=\"pl_PL\" \/>\n<meta property=\"og:type\" content=\"article\" \/>\n<meta property=\"og:title\" content=\"Przed\u0142u\u017cenie pobytu do 1500 - L11\" \/>\n<meta property=\"og:description\" content=\"L11 - Przed\u0142u\u017cenie pobytu do 15&lt;sup&gt;00&lt;\/sup&gt; - Zapraszamy !\" \/>\n<meta property=\"og:url\" content=\"https:\/\/limanowskiego11.com\/sklep\/produkt\/przedluzenie-pobytu-do-1500\/\" \/>\n<meta property=\"og:site_name\" content=\"L11\" \/>\n<meta property=\"article:modified_time\" content=\"2021-07-22T10:49:51+00:00\" \/>\n<meta property=\"og:image\" content=\"https:\/\/limanowskiego11.com\/sklep\/wp-content\/uploads\/2021\/07\/calendar.jpg\" \/>\n\t<meta property=\"og:image:width\" content=\"256\" \/>\n\t<meta property=\"og:image:height\" content=\"256\" \/>\n<meta name=\"twitter:card\" content=\"summary_large_image\" \/>\n<script type=\"application\/ld+json\" class=\"yoast-schema-graph\">{\"@context\":\"https:\/\/schema.org\",\"@graph\":[{\"@type\":\"WebSite\",\"@id\":\"https:\/\/limanowskiego11.com\/sklep\/#website\",\"url\":\"https:\/\/limanowskiego11.com\/sklep\/\",\"name\":\"L11\",\"description\":\"Relaks jak nigdy wcze\\u015bniej\",\"potentialAction\":[{\"@type\":\"SearchAction\",\"target\":{\"@type\":\"EntryPoint\",\"urlTemplate\":\"https:\/\/limanowskiego11.com\/sklep\/?s={search_term_string}\"},\"query-input\":\"required name=search_term_string\"}],\"inLanguage\":\"pl-PL\"},{\"@type\":\"ImageObject\",\"@id\":\"https:\/\/limanowskiego11.com\/sklep\/produkt\/przedluzenie-pobytu-do-1500\/#primaryimage\",\"inLanguage\":\"pl-PL\",\"url\":\"https:\/\/limanowskiego11.com\/sklep\/wp-content\/uploads\/2021\/07\/calendar.jpg\",\"contentUrl\":\"https:\/\/limanowskiego11.com\/sklep\/wp-content\/uploads\/2021\/07\/calendar.jpg\",\"width\":256,\"height\":256,\"caption\":\"Calendar\"},{\"@type\":\"WebPage\",\"@id\":\"https:\/\/limanowskiego11.com\/sklep\/produkt\/przedluzenie-pobytu-do-1500\/#webpage\",\"url\":\"https:\/\/limanowskiego11.com\/sklep\/produkt\/przedluzenie-pobytu-do-1500\/\",\"name\":\"Przed\\u0142u\\u017cenie pobytu do 1500 - L11\",\"isPartOf\":{\"@id\":\"https:\/\/limanowskiego11.com\/sklep\/#website\"},\"primaryImageOfPage\":{\"@id\":\"https:\/\/limanowskiego11.com\/sklep\/produkt\/przedluzenie-pobytu-do-1500\/#primaryimage\"},\"datePublished\":\"2021-07-20T07:19:23+00:00\",\"dateModified\":\"2021-07-22T10:49:51+00:00\",\"description\":\"L11 - Przed\\u0142u\\u017cenie pobytu do 1500 - Zapraszamy !\",\"breadcrumb\":{\"@id\":\"https:\/\/limanowskiego11.com\/sklep\/produkt\/przedluzenie-pobytu-do-1500\/#breadcrumb\"},\"inLanguage\":\"pl-PL\",\"potentialAction\":[{\"@type\":\"ReadAction\",\"target\":[\"https:\/\/limanowskiego11.com\/sklep\/produkt\/przedluzenie-pobytu-do-1500\/\"]}]},{\"@type\":\"BreadcrumbList\",\"@id\":\"https:\/\/limanowskiego11.com\/sklep\/produkt\/przedluzenie-pobytu-do-1500\/#breadcrumb\",\"itemListElement\":[{\"@type\":\"ListItem\",\"position\":1,\"name\":\"Strona g\\u0142\\u00f3wna\",\"item\":\"https:\/\/limanowskiego11.com\/sklep\/\"},{\"@type\":\"ListItem\",\"position\":2,\"name\":\"Produkty\",\"item\":\"https:\/\/limanowskiego11.com\/sklep\/\"},{\"@type\":\"ListItem\",\"position\":3,\"name\":\"Przed\\u0142u\\u017cenie pobytu do 1500\"}]}]}<\/script>\n<!-- \/ Yoast SEO plugin. -->","yoast_head_json":{"title":"Przed\u0142u\u017cenie pobytu do 1500 - L11","description":"L11 - Przed\u0142u\u017cenie pobytu do 1500 - Zapraszamy !","robots":{"index":"index","follow":"follow","max-snippet":"max-snippet:-1","max-image-preview":"max-image-preview:large","max-video-preview":"max-video-preview:-1"},"canonical":"https:\/\/limanowskiego11.com\/sklep\/produkt\/przedluzenie-pobytu-do-1500\/","og_locale":"pl_PL","og_type":"article","og_title":"Przed\u0142u\u017cenie pobytu do 1500 - L11","og_description":"L11 - Przed\u0142u\u017cenie pobytu do 15<sup>00<\/sup> - Zapraszamy !","og_url":"https:\/\/limanowskiego11.com\/sklep\/produkt\/przedluzenie-pobytu-do-1500\/","og_site_name":"L11","article_modified_time":"2021-07-22T10:49:51+00:00","og_image":[{"width":256,"height":256,"url":"https:\/\/limanowskiego11.com\/sklep\/wp-content\/uploads\/2021\/07\/calendar.jpg","path":"\/usr\/home\/estimagroupdev\/domains\/l11.estima.tech\/public_html\/wp-content\/uploads\/2021\/07\/calendar.jpg","size":"full","id":1710,"alt":"Calendar","pixels":65536,"type":"image\/jpeg"}],"twitter_card":"summary_large_image","schema":{"@context":"https:\/\/schema.org","@graph":[{"@type":"WebSite","@id":"https:\/\/limanowskiego11.com\/sklep\/#website","url":"https:\/\/limanowskiego11.com\/sklep\/","name":"L11","description":"Relaks jak nigdy wcze\u015bniej","potentialAction":[{"@type":"SearchAction","target":{"@type":"EntryPoint","urlTemplate":"https:\/\/limanowskiego11.com\/sklep\/?s={search_term_string}"},"query-input":"required name=search_term_string"}],"inLanguage":"pl-PL"},{"@type":"ImageObject","@id":"https:\/\/limanowskiego11.com\/sklep\/produkt\/przedluzenie-pobytu-do-1500\/#primaryimage","inLanguage":"pl-PL","url":"https:\/\/limanowskiego11.com\/sklep\/wp-content\/uploads\/2021\/07\/calendar.jpg","contentUrl":"https:\/\/limanowskiego11.com\/sklep\/wp-content\/uploads\/2021\/07\/calendar.jpg","width":256,"height":256,"caption":"Calendar"},{"@type":"WebPage","@id":"https:\/\/limanowskiego11.com\/sklep\/produkt\/przedluzenie-pobytu-do-1500\/#webpage","url":"https:\/\/limanowskiego11.com\/sklep\/produkt\/przedluzenie-pobytu-do-1500\/","name":"Przed\u0142u\u017cenie pobytu do 1500 - L11","isPartOf":{"@id":"https:\/\/limanowskiego11.com\/sklep\/#website"},"primaryImageOfPage":{"@id":"https:\/\/limanowskiego11.com\/sklep\/produkt\/przedluzenie-pobytu-do-1500\/#primaryimage"},"datePublished":"2021-07-20T07:19:23+00:00","dateModified":"2021-07-22T10:49:51+00:00","description":"L11 - Przed\u0142u\u017cenie pobytu do 1500 - Zapraszamy !","breadcrumb":{"@id":"https:\/\/limanowskiego11.com\/sklep\/produkt\/przedluzenie-pobytu-do-1500\/#breadcrumb"},"inLanguage":"pl-PL","potentialAction":[{"@type":"ReadAction","target":["https:\/\/limanowskiego11.com\/sklep\/produkt\/przedluzenie-pobytu-do-1500\/"]}]},{"@type":"BreadcrumbList","@id":"https:\/\/limanowskiego11.com\/sklep\/produkt\/przedluzenie-pobytu-do-1500\/#breadcrumb","itemListElement":[{"@type":"ListItem","position":1,"name":"Strona g\u0142\u00f3wna","item":"https:\/\/limanowskiego11.com\/sklep\/"},{"@type":"ListItem","position":2,"name":"Produkty","item":"https:\/\/limanowskiego11.com\/sklep\/"},{"@type":"ListItem","position":3,"name":"Przed\u0142u\u017cenie pobytu do 1500"}]}]}},"_links":{"self":[{"href":"https:\/\/limanowskiego11.com\/sklep\/wp-json\/wp\/v2\/product\/1686","targetHints":{"allow":["GET"]}}],"collection":[{"href":"https:\/\/limanowskiego11.com\/sklep\/wp-json\/wp\/v2\/product"}],"about":[{"href":"https:\/\/limanowskiego11.com\/sklep\/wp-json\/wp\/v2\/types\/product"}],"wp:featuredmedia":[{"embeddable":true,"href":"https:\/\/limanowskiego11.com\/sklep\/wp-json\/wp\/v2\/media\/1710"}],"wp:attachment":[{"href":"https:\/\/limanowskiego11.com\/sklep\/wp-json\/wp\/v2\/media?parent=1686"}],"wp:term":[{"taxonomy":"product_cat","embeddable":true,"href":"https:\/\/limanowskiego11.com\/sklep\/wp-json\/wp\/v2\/product_cat?post=1686"},{"taxonomy":"product_tag","embeddable":true,"href":"https:\/\/limanowskiego11.com\/sklep\/wp-json\/wp\/v2\/product_tag?post=1686"}],"curies":[{"name":"wp","href":"https:\/\/api.w.org\/{rel}","templated":true}]}}